{"id":1848,"date":"2024-08-01T13:23:01","date_gmt":"2024-08-01T11:23:01","guid":{"rendered":"https:\/\/103428.web.zcom.it\/?page_id=1848"},"modified":"2026-04-08T09:44:00","modified_gmt":"2026-04-08T07:44:00","slug":"colophon","status":"publish","type":"page","link":"https:\/\/www.gailerhof.com\/it\/colophon\/","title":{"rendered":"Colophon"},"content":{"rendered":"\t\t<div data-elementor-type=\"wp-page\" data-elementor-id=\"1848\" class=\"elementor elementor-1848 elementor-126\" data-elementor-post-type=\"page\">\n\t\t\t\t<div class=\"elementor-element elementor-element-3eee977f e-con-full e-flex e-con e-parent\" data-id=\"3eee977f\" data-element_type=\"container\">\n\t\t\t\t<div class=\"elementor-element elementor-element-4f4dfc8a elementor-pagination-position-inside linksbuendig paginationzahlunten paginationzahl elementor-pagination-type-fraction elementor-skin-carousel elementor-widget elementor-widget-media-carousel\" data-id=\"4f4dfc8a\" data-element_type=\"widget\" data-settings=\"{&quot;effect&quot;:&quot;fade&quot;,&quot;pagination&quot;:&quot;fraction&quot;,&quot;skin&quot;:&quot;carousel&quot;,&quot;speed&quot;:500,&quot;autoplay&quot;:&quot;yes&quot;,&quot;autoplay_speed&quot;:5000,&quot;loop&quot;:&quot;yes&quot;,&quot;pause_on_hover&quot;:&quot;yes&quot;,&quot;pause_on_interaction&quot;:&quot;yes&quot;,&quot;space_between&quot;:{&quot;unit&quot;:&quot;px&quot;,&quot;size&quot;:10,&quot;sizes&quot;:[]},&quot;space_between_widescreen&quot;:{&quot;unit&quot;:&quot;px&quot;,&quot;size&quot;:10,&quot;sizes&quot;:[]},&quot;space_between_laptop&quot;:{&quot;unit&quot;:&quot;px&quot;,&quot;size&quot;:10,&quot;sizes&quot;:[]},&quot;space_between_tablet_extra&quot;:{&quot;unit&quot;:&quot;px&quot;,&quot;size&quot;:10,&quot;sizes&quot;:[]},&quot;space_between_tablet&quot;:{&quot;unit&quot;:&quot;px&quot;,&quot;size&quot;:10,&quot;sizes&quot;:[]},&quot;space_between_mobile_extra&quot;:{&quot;unit&quot;:&quot;px&quot;,&quot;size&quot;:10,&quot;sizes&quot;:[]},&quot;space_between_mobile&quot;:{&quot;unit&quot;:&quot;px&quot;,&quot;size&quot;:10,&quot;sizes&quot;:[]}}\" data-widget_type=\"media-carousel.default\">\n\t\t\t\t<div class=\"elementor-widget-container\">\n\t\t\t\t\t\t\t\t\t<div class=\"elementor-swiper\">\n\t\t\t\t\t<div class=\"elementor-main-swiper swiper\" role=\"region\" aria-roledescription=\"carousel\" aria-label=\"Slider\">\n\t\t\t\t<div class=\"swiper-wrapper\">\n\t\t\t\t\t\t\t\t\t\t\t<div class=\"swiper-slide\" role=\"group\" aria-roledescription=\"slide\">\n\t\t\t\t\t\t\t\t\t<div class=\"elementor-carousel-image\" role=\"img\" aria-label=\"Luxuri\u00f6se Wohnungen im Pustertal in S\u00fcdtirol\" style=\"background-image: url(&#039;https:\/\/www.gailerhof.com\/wp-content\/uploads\/2024\/08\/hotelGailerhof__0001_062_hotel_gailerhof_\u00a9KOTTERSTEGER_180708_KOT_51622x.jpg&#039;)\">\n\n\t\t\t\n\t\t\t\t\t<\/div>\n\t\t\t\t\t\t\t\t<\/div>\n\t\t\t\t\t\t\t\t\t<\/div>\n\t\t\t\t\t\t\t<\/div>\n\t\t\t\t<\/div>\n\t\t\t\t\t\t\t\t<\/div>\n\t\t\t\t<\/div>\n\t\t\t\t<div class=\"elementor-element elementor-element-75bc68e2 elementor-absolute elementor-hidden-mobile elementor-view-default elementor-widget elementor-widget-icon\" data-id=\"75bc68e2\" data-element_type=\"widget\" data-settings=\"{&quot;_position&quot;:&quot;absolute&quot;}\" data-widget_type=\"icon.default\">\n\t\t\t\t<div class=\"elementor-widget-container\">\n\t\t\t\t\t\t\t<div class=\"elementor-icon-wrapper\">\n\t\t\t<a class=\"elementor-icon\" href=\"https:\/\/www.german-design-award.com\/en\/the-winners\/gallery\/detail\/27953-hotel-gailerhof-welsberg.html\" target=\"_blank\" rel=\"nofollow\">\n\t\t\t<svg xmlns=\"http:\/\/www.w3.org\/2000\/svg\" xmlns:xlink=\"http:\/\/www.w3.org\/1999\/xlink\" width=\"115.87\" height=\"48.081\" viewBox=\"0 0 115.87 48.081\"><defs><clipPath id=\"clip-path\"><rect id=\"Rechteck_1527\" data-name=\"Rechteck 1527\" width=\"115.87\" height=\"48.081\" fill=\"#575551\"><\/rect><\/clipPath><\/defs><g id=\"Gruppe_2524\" data-name=\"Gruppe 2524\" opacity=\"0.3\"><g id=\"Gruppe_2522\" data-name=\"Gruppe 2522\" transform=\"translate(0 0)\" clip-path=\"url(#clip-path)\"><path id=\"Pfad_759\" data-name=\"Pfad 759\" d=\"M41.994,7.426H39.659V5.161h5.091v6.48a12.522,12.522,0,0,1-5.7,1.168c-2.032,0-3.981-.677-3.981-3.631v-4.9C35.07,1.343,36.238,0,39.483,0a30.074,30.074,0,0,1,4.927.49l-.514,2.2A27.088,27.088,0,0,0,39.822,2.3c-1.7,0-1.891.654-1.891,2.137v4.67c0,1.168.467,1.424,1.74,1.424a9.816,9.816,0,0,0,2.277-.35Z\" transform=\"translate(5.877 0)\" fill=\"#575551\"><\/path><path id=\"Pfad_760\" data-name=\"Pfad 760\" d=\"M45.73,12.575V.14h8.582L53.95,2.475H48.544V4.962h5.324L53.506,7.3H48.556v2.966h5.663V12.6Z\" transform=\"translate(7.663 0.023)\" fill=\"#575551\"><\/path><path id=\"Pfad_761\" data-name=\"Pfad 761\" d=\"M61.964,12.575,59.628,7.589H58.076v4.986H55.25V.14h4.787c2.557,0,4.519.4,4.519,3.631v.514A2.884,2.884,0,0,1,62.5,7.321l2.709,5.242Zm-.292-9.049c0-.771-.362-1.168-1.506-1.168h-2.09V5.394h2.394c.887,0,1.249-.362,1.249-1.168Z\" transform=\"translate(9.259 0.023)\" fill=\"#575551\"><\/path><path id=\"Pfad_762\" data-name=\"Pfad 762\" d=\"M76.088,12.575V4.4l-3,6.27H71.266L68.254,4.378v8.173H65.51V.14h3.444l3.211,6.935L75.423.14h3.421V12.575Z\" transform=\"translate(10.978 0.023)\" fill=\"#575551\"><\/path><path id=\"Pfad_763\" data-name=\"Pfad 763\" d=\"M87.255,12.575l-.736-2.253H82.386l-.724,2.253H78.51L82.877.14h3.211l4.367,12.435ZM84.43,2.884,82.912,8.115h3.176Z\" transform=\"translate(13.156 0.023)\" fill=\"#575551\"><\/path><path id=\"Pfad_764\" data-name=\"Pfad 764\" d=\"M97.584,12.575l-4.53-7.811v7.811H90.31V.14h2.732l4.67,7.694V.14h2.744V12.575Z\" transform=\"translate(15.134 0.023)\" fill=\"#575551\"><\/path><path id=\"Pfad_765\" data-name=\"Pfad 765\" d=\"M35.35,28.16V13.32h5.534c4.04,0,5.92,1.1,5.92,5.079v4.67c0,3.316-1.027,5.079-5.534,5.079Zm8.08-9.586c0-1.635-.082-2.522-2.2-2.522h-2.51v9.422h2.335c1.985,0,2.335-.56,2.335-1.962Z\" transform=\"translate(5.924 2.232)\" fill=\"#575551\"><\/path><path id=\"Pfad_766\" data-name=\"Pfad 766\" d=\"M47.64,28.16V13.32H57.868L57.4,16.1H50.979v2.954H57.4l-.432,2.791H51.014v3.5h6.772v2.779Z\" transform=\"translate(7.983 2.232)\" fill=\"#575551\"><\/path><path id=\"Pfad_767\" data-name=\"Pfad 767\" d=\"M69.857,24.025c0,2.674-1.868,4.355-5.733,4.355a22.592,22.592,0,0,1-5.639-.747l.911-2.7a19.481,19.481,0,0,0,4.67.654c1.681,0,2.335-.666,2.335-1.74v-.4c0-1.168-.56-1.541-1.973-1.541H62.594a3.7,3.7,0,0,1-4.122-4.063v-.4c.082-2.849,1.751-4.332,4.67-4.332h.5a50.235,50.235,0,0,1,6.165.537l-.992,2.627c-1.541-.187-3.725-.374-4.88-.4h-.56a1.3,1.3,0,0,0-1.471,1.093,1.284,1.284,0,0,0,0,.378v.409c0,.747.315,1.261,1.343,1.261h2.137c2.732,0,4.448,1.168,4.448,4.18Z\" transform=\"translate(9.795 2.199)\" fill=\"#575551\"><\/path><path id=\"Pfad_768\" data-name=\"Pfad 768\" d=\"M70.68,28.16V13.32h3.374V28.148Z\" transform=\"translate(11.844 2.232)\" fill=\"#575551\"><\/path><path id=\"Pfad_769\" data-name=\"Pfad 769\" d=\"M84.34,22.009H81.654v-2.7h6.071v7.636a15.026,15.026,0,0,1-6.8,1.366c-2.429,0-4.74-.806-4.74-4.332V18.261c0-3.5,1.389-5.091,5.266-5.091a35.869,35.869,0,0,1,5.838.584l-.6,2.6a32.443,32.443,0,0,0-4.9-.479c-2.032,0-2.253.782-2.253,2.545v5.569c0,1.448.56,1.7,2.067,1.7a11.649,11.649,0,0,0,2.72-.409Z\" transform=\"translate(12.768 2.207)\" fill=\"#575551\"><\/path><path id=\"Pfad_770\" data-name=\"Pfad 770\" d=\"M97.315,28.16l-5.406-9.341V28.16H88.64V13.32h3.246l5.534,9.2v-9.2h3.316V28.148Z\" transform=\"translate(14.854 2.232)\" fill=\"#575551\"><\/path><path id=\"Pfad_771\" data-name=\"Pfad 771\" d=\"M44.488,43.238l-.852-2.65H38.65l-.852,2.65H34.12L39.257,28.62h3.736l5.137,14.618ZM41.1,31.843l-1.833,6.083h3.69Z\" transform=\"translate(5.718 4.796)\" fill=\"#575551\"><\/path><path id=\"Pfad_772\" data-name=\"Pfad 772\" d=\"M59.015,43.243l-2.65-10.076L53.726,43.243H49.313L46.09,28.625h3.643l1.915,11.057,2.837-10.648h3.771l2.837,10.613L63.008,28.59h3.619L63.393,43.231Z\" transform=\"translate(7.724 4.791)\" fill=\"#575551\"><\/path><path id=\"Pfad_773\" data-name=\"Pfad 773\" d=\"M73.981,43.238l-.852-2.65H68.214l-.852,2.65h-3.7L68.8,28.62h3.748l5.137,14.618Zm-3.339-11.4-1.833,6.083H72.5Z\" transform=\"translate(10.668 4.796)\" fill=\"#575551\"><\/path><path id=\"Pfad_774\" data-name=\"Pfad 774\" d=\"M85.393,43.238,82.7,37.4H80.758v5.838H77.43V28.62h5.639c3,0,5.312.467,5.312,4.262V33.5a3.4,3.4,0,0,1-2.405,3.573l3.187,6.165ZM85.043,32.6c0-.9-.432-1.308-1.775-1.308H80.746v3.573h2.826c1.039,0,1.471-.42,1.471-1.331Z\" transform=\"translate(12.975 4.796)\" fill=\"#575551\"><\/path><path id=\"Pfad_775\" data-name=\"Pfad 775\" d=\"M89.57,43.238V28.62h5.453c3.981,0,5.838,1.086,5.838,5v4.67c0,3.269-1.027,5-5.453,5Zm7.951-9.446c0-1.611-.082-2.487-2.16-2.487H92.9v9.341h2.335c1.962,0,2.335-.549,2.335-1.938Z\" transform=\"translate(15.01 4.796)\" fill=\"#575551\"><\/path><path id=\"Pfad_776\" data-name=\"Pfad 776\" d=\"M18.191,47.987A18.133,18.133,0,0,1,0,29.948,17.923,17.923,0,0,1,4.448,18.132a18.239,18.239,0,0,1,11.01-6.013v-4.3A8.278,8.278,0,0,1,9.843.07h5.079a3.258,3.258,0,0,0,3.447,3.057A3.258,3.258,0,0,0,21.425.07H26.5a8.278,8.278,0,0,1-5.616,7.753v4.285A18.239,18.239,0,0,1,31.9,18.132a17.925,17.925,0,0,1,4.448,11.8A18.144,18.144,0,0,1,18.191,47.987M5.207,32.645a13.182,13.182,0,1,0,0-5.394v.07h5.137a8.325,8.325,0,0,1,7.834-5.6v5.044a3.228,3.228,0,1,0,0,6.457v5.044a8.326,8.326,0,0,1-7.823-5.616H5.207Z\" transform=\"translate(0 0.012)\" fill=\"#575551\"><\/path><\/g><\/g><\/svg>\t\t\t<\/a>\n\t\t<\/div>\n\t\t\t\t\t\t<\/div>\n\t\t\t\t<\/div>\n\t\t\t\t<\/div>\n\t\t<div class=\"elementor-element elementor-element-388c8623 animated-slow greenlink e-flex e-con-boxed e-con e-parent\" data-id=\"388c8623\" data-element_type=\"container\" data-settings=\"{&quot;background_background&quot;:&quot;classic&quot;,&quot;animation&quot;:&quot;none&quot;}\">\n\t\t\t\t\t<div class=\"e-con-inner\">\n\t\t\t\t<div class=\"elementor-element elementor-element-10b8e742 animated-slow elementor-invisible elementor-widget elementor-widget-heading\" data-id=\"10b8e742\" data-element_type=\"widget\" data-settings=\"{&quot;_animation&quot;:&quot;fadeIn&quot;,&quot;_animation_tablet_extra&quot;:&quot;fadeIn&quot;}\" data-widget_type=\"heading.default\">\n\t\t\t\t<div class=\"elementor-widget-container\">\n\t\t\t\t\t<h1 class=\"elementor-heading-title elementor-size-default\">Colophon<\/h1>\t\t\t\t<\/div>\n\t\t\t\t<\/div>\n\t\t\t\t<div class=\"elementor-element elementor-element-246adf3c elementor-widget__width-inherit animated-slow elementor-widget-mobile__width-inherit elementor-invisible elementor-widget elementor-widget-text-editor\" data-id=\"246adf3c\" data-element_type=\"widget\" data-settings=\"{&quot;_animation&quot;:&quot;fadeIn&quot;}\" data-widget_type=\"text-editor.default\">\n\t\t\t\t<div class=\"elementor-widget-container\">\n\t\t\t\t\t\t\t\t\t<div><strong>Gailerhof<\/strong><\/div><div>\u00a0<\/div><div>Schiessstandweg 9<br \/>I-39035 Monguelfo (BZ)<br \/>Tel. +39 0474 944238<br \/>E-Mail:\u00a0<a href=\"mailto:info@gailerhof.com\">info@gailerhof.com<\/a><br \/><a class=\"cmts-external\" href=\"http:\/\/www.gailerhof.com\/\">www.gailerhof.com<\/a><\/div><div>\u00a0<\/div><div><p>Codice Destinatario:\u00a0<br \/>P. IVA 02974370211<br \/>Cod. Fisc. PLNGRG88C10B220T<\/p><p>Camera di commercio: Bolzano<br \/>Numero iscrizione camera di commercio: BZ &#8211; 221224<br \/>Numero REA: BZ &#8211; 221224<br \/>CIN IT021052A1426GKOC7<br \/>Legale rappresentante: Georg Ploner<\/p><p><strong>Copyright per le immagini e grafiche utilizzate:<\/strong><\/p><div>\u00a9 Gailerhof<\/div><div>Blickle<\/div><div>\u00a9 Armin Terzer<\/div><div>\u00a9 Walder Hannes<\/div><div>\u00a0<\/div><div>IDM S\u00fcdtirol-Alto Adige\/Armin Huber<br \/>IDM S\u00fcdtirol-Alto Adige\/Manuel Kottersteger<br \/>IDM S\u00fcdtirol-Alto Adige\/Alex Filz<br \/>IDM S\u00fcdtirol-Alto Adige\/Manuel Ferrigato<br \/>IDM S\u00fcdtirol-Alto Adige\/Fabian Leitner<br \/>IDM S\u00fcdtirol-Alto Adige\/Thomas Gr\u00fcner<br \/>IDM S\u00fcdtirol-Alto Adige\/Thomas Monsorno<br \/>IDM S\u00fcdtirol-Alto Adige\/Harald Wisthaler<br \/>IDM S\u00fcdtirol Alto Adige\/Alex Moling<br \/>TV Gsieser Tal\/Harald Wisthaler<br \/>TV Gsieser Tal\/Kamilla Photography<br \/>TV Gsieser Tal\/Skirama Kronplatz<br \/>TV Gsieser Tal\/Paolo Riolzi<br \/>TV Gsieser Tal\/Alex Filz<\/div><p>Pixabay<br \/>https:\/\/pixabay.com\/de\/photos\/tropfen-wassertropfen-wasser-blau-1580381\/<br \/>Bild von <a href=\"https:\/\/pixabay.com\/de\/users\/mouse23-11209732\/?utm_source=link-attribution&amp;utm_medium=referral&amp;utm_campaign=image&amp;utm_content=4420382\">\ud83c\udf40\ud83d\udc9cAnna\ud83d\udc9c\ud83c\udf40<\/a> auf <a href=\"https:\/\/pixabay.com\/de\/\/?utm_source=link-attribution&amp;utm_medium=referral&amp;utm_campaign=image&amp;utm_content=4420382\">Pixabay<\/a><br \/>Bild von <a href=\"https:\/\/pixabay.com\/de\/users\/hpgruesen-2204343\/?utm_source=link-attribution&amp;utm_medium=referral&amp;utm_campaign=image&amp;utm_content=1276324\">Erich Westendarp<\/a> auf <a href=\"https:\/\/pixabay.com\/de\/\/?utm_source=link-attribution&amp;utm_medium=referral&amp;utm_campaign=image&amp;utm_content=1276324\">Pixabay<\/a><\/p><p>Freepik<br \/><a href=\"https:\/\/www.freepik.com\/free-ai-image\/bouldering-wall-background-rock-climbing-practice_266593316.htm#fromView=search&amp;page=2&amp;position=1&amp;uuid=a85be956-a7d7-4507-bc1d-e0ddaf5d2bea\">Image by freepik<\/a><br \/><a href=\"https:\/\/www.freepik.com\/free-photo\/side-view-girl-with-beautiful-horse_170854530.htm#fromView=search&amp;page=1&amp;position=2&amp;uuid=84798c71-0ec0-457b-baba-676f6b01621c\">Image by freepik<\/a><br \/><a href=\"https:\/\/www.freepik.com\/free-photo\/woman-with-luggage-airport_15643713.htm#fromView=search&amp;page=2&amp;position=38&amp;uuid=f35ad24f-f5e9-4988-b64d-06d34fa7fdd3\">Image by senivpetro on Freepik<\/a><br \/><a href=\"https:\/\/www.freepik.com\/free-photo\/man-driving-looking-girlfriend-s-tablet_10371491.htm#fromView=search&amp;page=10&amp;position=21&amp;uuid=b48e5bac-bef0-49a7-b1d5-c3343552fd5b\">Image by freepik<\/a><br \/><a href=\"https:\/\/www.freepik.com\/free-photo\/low-angle-woman-climbing-wall_45160939.htm#fromView=search&amp;page=1&amp;position=5&amp;uuid=ad24579d-6501-4ea6-b812-1ed4a6517582\">Image by freepik<\/a><br \/><a href=\"https:\/\/www.freepik.com\/free-photo\/rider-woman-comb-her-horse-ranch-woman-has-long-hair-black-clothes-female-equestrian-touching-her-brown-horse_20268904.htm#fromView=search&amp;page=2&amp;position=18&amp;uuid=ad24579d-6501-4ea6-b812-1ed4a6517582\">Image by freepik<\/a><\/p><div>\u00a0<\/div><p><strong>Risoluzione delle controversie\u00a0<\/strong><br \/>Informazioni obbligatorie ai sensi del Regolamento UE n. 524\/2013 del Parlamento e Consiglio europeo. Piattaforma per la risoluzione online delle controversie (ODR) della Commissione europea:\u00a0<br \/><a href=\"https:\/\/ec.europa.eu\/consumers\/odr\/main\/?event=main.trader.register\" target=\"_blank\" rel=\"noopener\">https:\/\/ec.europa.eu\/consumers\/odr\/main\/?event=main.trader.register<\/a><\/p><p><strong>Concetto e realizzazione<\/strong><br \/>muwit d. sandra stablum<br \/>Citt\u00e1 Alta 60<br \/>39043 Chiusa<br \/>Tel.\u00a0<a href=\"tel:+39 347 1330206\">+39 347 1330206<\/a><br \/>Part. IVA 02730810211<br \/>Cod. fisc. STB SDR 88 A44 B160 S<br \/><a href=\"mailto:\">info@muwit.it<\/a><br \/><a href=\"..\/Vorlagen\/Datenschutz%20-%20Impressum\/HTML\/www.muwit.it\" target=\"_blank\" rel=\"noopener\">www.muwit.it<\/a><\/p><p><strong>Responsabile per il contenuto:<\/strong><br \/>Doris Brunner<\/p><p><strong>Dichiarazione liberatoria:<br \/>Responsabilit\u00e0 per i contenuti<\/strong><\/p><p>I contenuti delle nostre pagine sono stati redatti, elaborati e controllati scrupolosamente. Tuttavia, non ci assumiamo nessuna responsabilit\u00e0 per la correttezza, qualit\u00e0, completezza e attualit\u00e0 dei contenuti, poich\u00e9 non \u00e8 da escludere che siano cambiati nel tempo. Come prestatori di servizi siamo responsabili per i contenuti di queste pagine in base alla normativa vigente. Nella nostra qualit\u00e0 di prestatori di servizi non siamo per\u00f2 obbligati a controllare l\u2019esattezza di informazioni ricevute o salvate da terzi, o a controllare se sussistano irregolarit\u00e0 che indichino un\u2019attivit\u00e0 illegale. L\u2019obbligo di rimuovere o bloccare l\u2019utilizzo di informazioni secondo la normativa vigente rimane valido. L\u2019assunzione di tale responsabilit\u00e0 \u00e8 tuttavia possibile solamente dopo il momento dell\u2019effettivo riconoscimento da parte nostra di una concreta violazione di diritto. Alla presa d\u2019atto di tali violazioni di legge provvederemo immediatamente alla rimozione dei contenuti in questione.<br \/>Si escludono di principio le rivendicazioni di responsabilit\u00e0 di qualsiasi tipo causate dall\u2019utilizzo di informazioni messe a disposizione, oppure da informazioni errate e\/o incomplete.<\/p><p><strong>Responsabilit\u00e0 per i link<\/strong><\/p><p>La nostra offerta contiene dei collegamenti ipertestuali con siti web esterni di terzi, sui cui contenuti non possiamo influire. Per questo motivo non forniamo nessuna garanzia sui contenuti dei siti web linkati, indipendentemente dal tipo e dalla natura. Ne \u00e8 responsabile solamente il relativo proprietario o gestore del sito. Un controllo permanente dei contenuti dei siti linkati al presente non \u00e8 fattibile senza concreti punti di riferimento. All\u2019avvenuta conoscenza d\u2019infrazioni contro la legge causate dai siti web linkati, i link in questione saranno subito rimossi.<\/p><p><strong>Copyright<\/strong><\/p><p>Tutti i contenuti e le opere creati dal web designer e dai gestori del sito sono protetti da copyright. La riproduzione, l\u2019alterazione, la distribuzione e qualsiasi forma di utilizzo, soprattutto per scopi commerciali, al di fuori dei limiti del diritto d\u2019autore, sono severamente vietate e ammesse esclusivamente previa autorizzazione scritta del relativo autore o creatore. Nel caso i contenuti di questa pagina non siano stati creati dal gestore, sono da rispettare i diritti di copyright di terzi. I contenuti redatti da terzi sono contrassegnati come tali. In caso doveste notare una violazione del copyright, vi preghiamo gentilmente di farci pervenire un\u2019apposita segnalazione. All\u2019atto di presa di conoscenza di tali violazioni di legge, i contenuti in questione saranno naturalmente rimossi subito, senza per\u00f2 assumerne nessuna responsabilit\u00e0.<\/p><\/div>\t\t\t\t\t\t\t\t<\/div>\n\t\t\t\t<\/div>\n\t\t\t\t\t<\/div>\n\t\t\t\t<\/div>\n\t\t\t\t<\/div>\n\t\t","protected":false},"excerpt":{"rendered":"<p>Colophon Gailerhof\u00a0Schiessstandweg 9I-39035 Monguelfo (BZ)Tel. +39 0474 944238E-Mail:\u00a0info@gailerhof.comwww.gailerhof.com\u00a0 Codice Destinatario:\u00a0P. IVA 02974370211Cod. Fisc. PLNGRG88C10B220T Camera di commercio: BolzanoNumero iscrizione camera di commercio: BZ &#8211; 221224Numero REA: BZ &#8211; 221224CIN IT021052A1426GKOC7Legale rappresentante: Georg Ploner Copyright per le immagini e grafiche utilizzate: \u00a9 GailerhofBlickle\u00a9 Armin Terzer\u00a9 Walder Hannes\u00a0IDM S\u00fcdtirol-Alto Adige\/Armin HuberIDM S\u00fcdtirol-Alto Adige\/Manuel KotterstegerIDM S\u00fcdtirol-Alto Adige\/Alex FilzIDM [&hellip;]<\/p>\n","protected":false},"author":1,"featured_media":0,"parent":0,"menu_order":0,"comment_status":"closed","ping_status":"closed","template":"","meta":{"_acf_changed":false,"footnotes":""},"class_list":["post-1848","page","type-page","status-publish","hentry"],"acf":[],"yoast_head":"<!-- This site is optimized with the Yoast SEO plugin v26.8 - https:\/\/yoast.com\/product\/yoast-seo-wordpress\/ -->\n<title>Colophon - Gailerhof<\/title>\n<meta name=\"robots\" content=\"noindex, follow\" \/>\n<meta property=\"og:locale\" content=\"it_IT\" \/>\n<meta property=\"og:type\" content=\"article\" \/>\n<meta property=\"og:title\" content=\"Colophon - Gailerhof\" \/>\n<meta property=\"og:description\" content=\"Colophon Gailerhof\u00a0Schiessstandweg 9I-39035 Monguelfo (BZ)Tel. +39 0474 944238E-Mail:\u00a0info@gailerhof.comwww.gailerhof.com\u00a0 Codice Destinatario:\u00a0P. IVA 02974370211Cod. Fisc. PLNGRG88C10B220T Camera di commercio: BolzanoNumero iscrizione camera di commercio: BZ &#8211; 221224Numero REA: BZ &#8211; 221224CIN IT021052A1426GKOC7Legale rappresentante: Georg Ploner Copyright per le immagini e grafiche utilizzate: \u00a9 GailerhofBlickle\u00a9 Armin Terzer\u00a9 Walder Hannes\u00a0IDM S\u00fcdtirol-Alto Adige\/Armin HuberIDM S\u00fcdtirol-Alto Adige\/Manuel KotterstegerIDM S\u00fcdtirol-Alto Adige\/Alex FilzIDM [&hellip;]\" \/>\n<meta property=\"og:url\" content=\"https:\/\/www.gailerhof.com\/it\/colophon\/\" \/>\n<meta property=\"og:site_name\" content=\"Gailerhof\" \/>\n<meta property=\"article:publisher\" content=\"https:\/\/www.facebook.com\/Gailerhof\/\" \/>\n<meta property=\"article:modified_time\" content=\"2026-04-08T07:44:00+00:00\" \/>\n<meta name=\"twitter:card\" content=\"summary_large_image\" \/>\n<meta name=\"twitter:label1\" content=\"Tempo di lettura stimato\" \/>\n\t<meta name=\"twitter:data1\" content=\"4 minuti\" \/>\n<script type=\"application\/ld+json\" class=\"yoast-schema-graph\">{\"@context\":\"https:\/\/schema.org\",\"@graph\":[{\"@type\":\"WebPage\",\"@id\":\"https:\/\/www.gailerhof.com\/it\/colophon\/\",\"url\":\"https:\/\/www.gailerhof.com\/it\/colophon\/\",\"name\":\"Colophon - Gailerhof\",\"isPartOf\":{\"@id\":\"https:\/\/www.gailerhof.com\/it\/#website\"},\"datePublished\":\"2024-08-01T11:23:01+00:00\",\"dateModified\":\"2026-04-08T07:44:00+00:00\",\"breadcrumb\":{\"@id\":\"https:\/\/www.gailerhof.com\/it\/colophon\/#breadcrumb\"},\"inLanguage\":\"it-IT\",\"potentialAction\":[{\"@type\":\"ReadAction\",\"target\":[\"https:\/\/www.gailerhof.com\/it\/colophon\/\"]}]},{\"@type\":\"BreadcrumbList\",\"@id\":\"https:\/\/www.gailerhof.com\/it\/colophon\/#breadcrumb\",\"itemListElement\":[{\"@type\":\"ListItem\",\"position\":1,\"name\":\"Startseite\",\"item\":\"https:\/\/www.gailerhof.com\/it\/\"},{\"@type\":\"ListItem\",\"position\":2,\"name\":\"Colophon\"}]},{\"@type\":\"WebSite\",\"@id\":\"https:\/\/www.gailerhof.com\/it\/#website\",\"url\":\"https:\/\/www.gailerhof.com\/it\/\",\"name\":\"Gailerhof\",\"description\":\"\",\"publisher\":{\"@id\":\"https:\/\/www.gailerhof.com\/it\/#organization\"},\"potentialAction\":[{\"@type\":\"SearchAction\",\"target\":{\"@type\":\"EntryPoint\",\"urlTemplate\":\"https:\/\/www.gailerhof.com\/it\/?s={search_term_string}\"},\"query-input\":{\"@type\":\"PropertyValueSpecification\",\"valueRequired\":true,\"valueName\":\"search_term_string\"}}],\"inLanguage\":\"it-IT\"},{\"@type\":\"Organization\",\"@id\":\"https:\/\/www.gailerhof.com\/it\/#organization\",\"name\":\"Gailerhof\",\"url\":\"https:\/\/www.gailerhof.com\/it\/\",\"logo\":{\"@type\":\"ImageObject\",\"inLanguage\":\"it-IT\",\"@id\":\"https:\/\/www.gailerhof.com\/it\/#\/schema\/logo\/image\/\",\"url\":\"https:\/\/www.gailerhof.com\/wp-content\/uploads\/2024\/08\/Logo_Gailerhof.svg\",\"contentUrl\":\"https:\/\/www.gailerhof.com\/wp-content\/uploads\/2024\/08\/Logo_Gailerhof.svg\",\"width\":204,\"height\":122,\"caption\":\"Gailerhof\"},\"image\":{\"@id\":\"https:\/\/www.gailerhof.com\/it\/#\/schema\/logo\/image\/\"},\"sameAs\":[\"https:\/\/www.facebook.com\/Gailerhof\/\",\"https:\/\/www.instagram.com\/gailerhof.bnb\/\"]}]}<\/script>\n<!-- \/ Yoast SEO plugin. -->","yoast_head_json":{"title":"Colophon - Gailerhof","robots":{"index":"noindex","follow":"follow"},"og_locale":"it_IT","og_type":"article","og_title":"Colophon - Gailerhof","og_description":"Colophon Gailerhof\u00a0Schiessstandweg 9I-39035 Monguelfo (BZ)Tel. +39 0474 944238E-Mail:\u00a0info@gailerhof.comwww.gailerhof.com\u00a0 Codice Destinatario:\u00a0P. IVA 02974370211Cod. Fisc. PLNGRG88C10B220T Camera di commercio: BolzanoNumero iscrizione camera di commercio: BZ &#8211; 221224Numero REA: BZ &#8211; 221224CIN IT021052A1426GKOC7Legale rappresentante: Georg Ploner Copyright per le immagini e grafiche utilizzate: \u00a9 GailerhofBlickle\u00a9 Armin Terzer\u00a9 Walder Hannes\u00a0IDM S\u00fcdtirol-Alto Adige\/Armin HuberIDM S\u00fcdtirol-Alto Adige\/Manuel KotterstegerIDM S\u00fcdtirol-Alto Adige\/Alex FilzIDM [&hellip;]","og_url":"https:\/\/www.gailerhof.com\/it\/colophon\/","og_site_name":"Gailerhof","article_publisher":"https:\/\/www.facebook.com\/Gailerhof\/","article_modified_time":"2026-04-08T07:44:00+00:00","twitter_card":"summary_large_image","twitter_misc":{"Tempo di lettura stimato":"4 minuti"},"schema":{"@context":"https:\/\/schema.org","@graph":[{"@type":"WebPage","@id":"https:\/\/www.gailerhof.com\/it\/colophon\/","url":"https:\/\/www.gailerhof.com\/it\/colophon\/","name":"Colophon - Gailerhof","isPartOf":{"@id":"https:\/\/www.gailerhof.com\/it\/#website"},"datePublished":"2024-08-01T11:23:01+00:00","dateModified":"2026-04-08T07:44:00+00:00","breadcrumb":{"@id":"https:\/\/www.gailerhof.com\/it\/colophon\/#breadcrumb"},"inLanguage":"it-IT","potentialAction":[{"@type":"ReadAction","target":["https:\/\/www.gailerhof.com\/it\/colophon\/"]}]},{"@type":"BreadcrumbList","@id":"https:\/\/www.gailerhof.com\/it\/colophon\/#breadcrumb","itemListElement":[{"@type":"ListItem","position":1,"name":"Startseite","item":"https:\/\/www.gailerhof.com\/it\/"},{"@type":"ListItem","position":2,"name":"Colophon"}]},{"@type":"WebSite","@id":"https:\/\/www.gailerhof.com\/it\/#website","url":"https:\/\/www.gailerhof.com\/it\/","name":"Gailerhof","description":"","publisher":{"@id":"https:\/\/www.gailerhof.com\/it\/#organization"},"potentialAction":[{"@type":"SearchAction","target":{"@type":"EntryPoint","urlTemplate":"https:\/\/www.gailerhof.com\/it\/?s={search_term_string}"},"query-input":{"@type":"PropertyValueSpecification","valueRequired":true,"valueName":"search_term_string"}}],"inLanguage":"it-IT"},{"@type":"Organization","@id":"https:\/\/www.gailerhof.com\/it\/#organization","name":"Gailerhof","url":"https:\/\/www.gailerhof.com\/it\/","logo":{"@type":"ImageObject","inLanguage":"it-IT","@id":"https:\/\/www.gailerhof.com\/it\/#\/schema\/logo\/image\/","url":"https:\/\/www.gailerhof.com\/wp-content\/uploads\/2024\/08\/Logo_Gailerhof.svg","contentUrl":"https:\/\/www.gailerhof.com\/wp-content\/uploads\/2024\/08\/Logo_Gailerhof.svg","width":204,"height":122,"caption":"Gailerhof"},"image":{"@id":"https:\/\/www.gailerhof.com\/it\/#\/schema\/logo\/image\/"},"sameAs":["https:\/\/www.facebook.com\/Gailerhof\/","https:\/\/www.instagram.com\/gailerhof.bnb\/"]}]}},"_links":{"self":[{"href":"https:\/\/www.gailerhof.com\/it\/wp-json\/wp\/v2\/pages\/1848","targetHints":{"allow":["GET"]}}],"collection":[{"href":"https:\/\/www.gailerhof.com\/it\/wp-json\/wp\/v2\/pages"}],"about":[{"href":"https:\/\/www.gailerhof.com\/it\/wp-json\/wp\/v2\/types\/page"}],"author":[{"embeddable":true,"href":"https:\/\/www.gailerhof.com\/it\/wp-json\/wp\/v2\/users\/1"}],"replies":[{"embeddable":true,"href":"https:\/\/www.gailerhof.com\/it\/wp-json\/wp\/v2\/comments?post=1848"}],"version-history":[{"count":3,"href":"https:\/\/www.gailerhof.com\/it\/wp-json\/wp\/v2\/pages\/1848\/revisions"}],"predecessor-version":[{"id":2919,"href":"https:\/\/www.gailerhof.com\/it\/wp-json\/wp\/v2\/pages\/1848\/revisions\/2919"}],"wp:attachment":[{"href":"https:\/\/www.gailerhof.com\/it\/wp-json\/wp\/v2\/media?parent=1848"}],"curies":[{"name":"wp","href":"https:\/\/api.w.org\/{rel}","templated":true}]}}